{"id":725,"date":"2025-01-08T02:11:05","date_gmt":"2025-01-08T02:11:05","guid":{"rendered":"https:\/\/colegioblaisepascal.cl\/?page_id=725"},"modified":"2025-01-08T02:17:43","modified_gmt":"2025-01-08T02:17:43","slug":"protocolo-ante-maltrato-y-abuso-infantil-con-connotacion-sexual","status":"publish","type":"page","link":"https:\/\/colegioblaisepascal.cl\/index.php\/protocolo-ante-maltrato-y-abuso-infantil-con-connotacion-sexual\/","title":{"rendered":"Protocolo ante maltrato y abuso infantil con connotaci\u00f3n sexual"},"content":{"rendered":"\t\t<div data-elementor-type=\"wp-page\" data-elementor-id=\"725\" class=\"elementor elementor-725\">\n\t\t\t\t<div class=\"elementor-element elementor-element-178f59f e-flex e-con-boxed e-con e-parent\" data-id=\"178f59f\" data-element_type=\"container\">\n\t\t\t\t\t<div class=\"e-con-inner\">\n\t\t\t\t<div class=\"elementor-element elementor-element-e101463 elementor-widget elementor-widget-heading\" data-id=\"e101463\" data-element_type=\"widget\" data-widget_type=\"heading.default\">\n\t\t\t\t<div class=\"elementor-widget-container\">\n\t\t\t\t\t<h2 class=\"elementor-heading-title elementor-size-default\">Protocolo ante maltrato y abuso infantil con connotaci\u00f3n sexual<\/h2>\t\t\t\t<\/div>\n\t\t\t\t<\/div>\n\t\t\t\t\t<\/div>\n\t\t\t\t<\/div>\n\t\t<div class=\"elementor-element elementor-element-fca8641 e-flex e-con-boxed e-con e-parent\" data-id=\"fca8641\" data-element_type=\"container\">\n\t\t\t\t\t<div class=\"e-con-inner\">\n\t\t\t\t<div class=\"elementor-element elementor-element-3a14c0f elementor-widget elementor-widget-text-editor\" data-id=\"3a14c0f\" data-element_type=\"widget\" data-widget_type=\"text-editor.default\">\n\t\t\t\t<div class=\"elementor-widget-container\">\n\t\t\t\t\t\t\t\t\t<p>I. &#8211; INTRODUCCI\u00d3N.<br>La Direcci\u00f3n del Colegio siempre ha procurado que el alumnado y en general la Comunidad Escolar, no se vean enfrentados a problemas de convivencia, particularmente aquellos que atacan directamente la sexualidad en formaci\u00f3n de los alumnos y alumnas.<br>La prevenci\u00f3n, que es consustancial al hecho educacional, insta a hacernos responsables en la creaci\u00f3n de ambientes formativos respetuosos y c\u00e1lidos, donde la convivencia escolar sea el espacio que posibilite el despliegue de una sana y equilibrada afectividad y sexualidad. Por lo anterior, en nuestro establecimiento se privilegiar\u00e1n las medidas de prevenci\u00f3n de actos de esta naturaleza.<br>La Direcci\u00f3n procede a implementar el siguiente protocolo a seguir por el Colegio para cuando se vea enfrentado a casos de supuestos maltrato y abuso infantil con connotaci\u00f3n sexual.<\/p>\n<p><br>II. &#8211; FUNDAMENTO LEGAL<br>Lo primero es tener claro que la posibilidad de intervenir a un Colegio, le viene dada por normas que lo obligan a actuar. Dentro de estas normas, se deben mencionar el art\u00edculo 175 letra e) del C\u00f3digo Procesal Penal y los art\u00edculos 84 y siguientes de la ley 19.968 que crea los Tribunales de Familia.<br>No obstante, lo anterior no es conveniente circunscribir los hechos a casos de agresi\u00f3n de contenido sexual, tambi\u00e9n la ley obliga a denunciar hechos que son delitos que no tenga relaci\u00f3n con el bien jur\u00eddico protegido de libertad sexual.<br><br>III.- RESPONSABILIDADES.<br>1.- La Sra. Directora del establecimiento ser\u00e1 la responsable directa ante los organismos competentes en el manejo de actos que tengan relaci\u00f3n con el tema del maltrato y abuso sexual y establecer\u00e1 los procedimientos para la prevenci\u00f3n de los hechos, as\u00ed como tambi\u00e9n las medidas que se deben adoptar al detectar una situaci\u00f3n de esta \u00edndole.<br>2.- La Sra. Directora ser\u00e1 la encargada de la Convivencia Escolar al interior del Colegio, quien deber\u00e1 promover y desarrollar en todos los integrantes de la Comunidad Educativa los principios y elementos que construyan una sana convivencia escolar, con especial \u00e9nfasis en una formaci\u00f3n que favorezca la prevenci\u00f3n de toda clase de violencia o agresi\u00f3n.<br>3.- El presente protocolo obliga\/involucra\/considera que todo el Cuerpo Directivo, docentes y Asistentes de Educaci\u00f3n tienen la tarea ineludible de participar activamente en la prevenci\u00f3n y manejo de actos relacionados con el maltrato y abuso sexual que afecten al alumnado.<\/p>\n<p><br>IV.- PROCEDIMIENTO.<br>1.- Formalidad de la Denuncia<br>Toda denuncia de actos que atenten la integridad de los alumnos, debe ser efectuada por escrito, por la persona que detecta el hecho y esa denuncia interna debe ser tramitada bajo reserva. En todo caso la denuncia debe se\u00f1alar claramente todos los antecedentes que hicieron detectar el hecho, ya sea, el testimonio del alumno (a) o alg\u00fan otro antecedente.<br>2.- Tramitaci\u00f3n Interna<br>Una vez tomada la denuncia, La Directora del Colegio o equipo de convivencia escolar ser\u00e1 quien deber\u00e1:<br>a) Debe dar contenci\u00f3n al alumno\/a y asegurar su bienestar f\u00edsico y psicol\u00f3gico.<br>b) En caso de que los hechos sean considerados constitutivos de un il\u00edcito realizar denuncia a la entidad correspondiente.<br>c) Informar al apoderado.<br>d) En el caso que el hecho de violencia y abuso provenga de un funcionario del colegio este ser\u00e1 informado del procedimiento.<br><br>3.- Oficializaci\u00f3n de la denuncia.<br>Una vez denunciado el hecho, y trat\u00e1ndose de este tipo de delitos, no es necesario, legalmente hablando, pedir autorizaci\u00f3n a los padres del menor para efectuar la denuncia.<br>De hecho, el C\u00f3digo Procesal Penal, en caso de delitos (cualquier delito) que afecten a menores de edad, hay acci\u00f3n penal p\u00fablica para denunciarlos, es decir, no se requiere consentimiento de nadie para hacerlo.<br>La denuncia debe ser presentada por escrito a la Sra. Directora del Colegio, quien aportar\u00e1 los dem\u00e1s antecedentes que se hubieren recabado, con expresi\u00f3n detallada de las personas interrogadas y de los documentos y testimonios aportados.<br>Esta denuncia puede efectuarse ante Carabineros de Chile, Polic\u00eda de Investigaciones o en la Oficina del Ministerio P\u00fablico m\u00e1s cercano.<br>4.-Apoyo al estudiante<br>Una vez denunciado el hecho a la instituci\u00f3n correspondiente, y para proporcionar mayor contenci\u00f3n al estudiante afectado se proceder\u00e1:<br>a) Se brindar\u00e1 apoyo a trav\u00e9s del psic\u00f3logo del Colegio quien monitorear\u00e1 la conducta y salud emocional del alumno afectado brind\u00e1ndole las herramientas necesarias para su bienestar y estando alerta de alguna nueva situaci\u00f3n que lo aqueje.<br>b) Se proporcionar\u00e1n todos los antecedentes necesarios a la entidad que lleve a cabo la investigaci\u00f3n<br>c) Se realizar\u00e1n entrevistas peri\u00f3dicas con el apoderado o tutor para acompa\u00f1ar y contener a la familia<br>d) El colegio acoger\u00e1 e implementar\u00e1 las acciones sugeridas por la entidad investigadora o profesional externo que atienda al alumno afectado.<br>e) Se mantendr\u00e1 el resguardo del menor proporcionando flexibilidad acad\u00e9mica en funci\u00f3n a su recuperaci\u00f3n emocional.<br>COLEGIO BLAISE PASCAL<br><br>ANEXO<br>\u201cA\u201d Medidas espec\u00edficas para fortalecer la prevenci\u00f3n de hechos de abuso sexual<br>&#8212;&#8212;&#8212;&#8212;&#8212;&#8212;&#8212;&#8212;&#8212;&#8212;&#8212;&#8212;&#8212;&#8212;&#8212;&#8212;&#8212;&#8212;&#8212;&#8212;&#8212;&#8212;&#8212;&#8212;&#8212;&#8212;&#8212;&#8212;&#8212;&#8212;&#8212;&#8212;&#8212;&#8212;&#8212;&#8212;<br>MEDIDAS ESPEC\u00cdFICAS PARA FORTALECER LA PREVENCI\u00d3N DE HECHOS DE ABUSO SEXUAL.<br>&#8212;&#8212;&#8212;&#8212;&#8212;&#8212;&#8212;&#8212;&#8212;&#8212;&#8212;&#8212;&#8212;&#8212;&#8212;&#8212;&#8212;&#8212;&#8212;&#8212;&#8212;&#8212;&#8212;&#8212;&#8212;&#8212;&#8212;&#8212;&#8212;&#8212;&#8212;&#8212;&#8212;&#8212;&#8212;&#8212;<br>Prevenir el abuso sexual infantil supone reducir los factores de riesgos y aumentar los factores de protecci\u00f3n.<br>Para evitar situaciones de maltrato y abuso sexual infantil desde el contexto educativo, el objetivo debe estar centrado en el trabajo preventivo. Para ello todos los adultos pertenecientes a la Comunidad Escolar son piezas fundamentales para el trabajo de prevenci\u00f3n, capacitaci\u00f3n y conocimiento frente a una posible eventualidad de este tipo<br>En el Colegio Blaise Pascal se adoptar\u00e1n las siguientes medidas gen\u00e9ricas para prevenir hechos de abuso sexual:<br>1.- Informar a padres y apoderados procedimientos frente a sospecha de maltrato y abuso infantil<br>2.-Restringir el acceso a personas que no formen parte de la Comunidad Escolar (mayor control en porter\u00eda e inspector\u00eda).<br>3.-Realizar anualmente charlas a funcionarios y apoderados, para as\u00ed tener conciencia de que todos los adultos (dentro y fuera del colegio) son fundamentales en la prevenci\u00f3n del abuso sexual.<br>4.-No propiciar un temor frente a la sexualidad infantil.<br>5.-Propiciar encuentros adecuados con alumnos (ambientes y procedimientos). Cuando se requiera entrevistar individualmente a un alumno\/a, esto se debe hacer en un lugar apto y destinado oficialmente para ello. Este lugar tiene que ser conocido por todos y debe contar con las condiciones necesarias para ello: una mesa y sillas y que adem\u00e1s tenga una visibilidad desde el exterior (ventanas).<br>6.-Es necesario clarificar quienes son los adultos autorizados para el retiro de alumnos\/as.<br>7.- Realizar actividades pedag\u00f3gicas en todos los niveles del establecimiento que apunten al autocuidado, la prevenci\u00f3n, la educaci\u00f3n sexual y el maltrato infantil<\/p>\t\t\t\t\t\t\t\t<\/div>\n\t\t\t\t<\/div>\n\t\t\t\t\t<\/div>\n\t\t\t\t<\/div>\n\t\t\t\t<\/div>\n\t\t","protected":false},"excerpt":{"rendered":"<p>Protocolo ante maltrato y abuso infantil con connotaci\u00f3n sexual I. &#8211; INTRODUCCI\u00d3N.La Direcci\u00f3n del Colegio siempre ha procurado que el alumnado y en general la Comunidad Escolar, no se vean enfrentados a problemas de convivencia, particularmente aquellos que atacan directamente la sexualidad en formaci\u00f3n de los alumnos y alumnas.La prevenci\u00f3n, que es consustancial al hecho [&hellip;]<\/p>\n","protected":false},"author":2,"featured_media":0,"parent":0,"menu_order":0,"comment_status":"closed","ping_status":"closed","template":"","meta":{"footnotes":""},"class_list":["post-725","page","type-page","status-publish","hentry","entry"],"_links":{"self":[{"href":"https:\/\/colegioblaisepascal.cl\/index.php\/wp-json\/wp\/v2\/pages\/725","targetHints":{"allow":["GET"]}}],"collection":[{"href":"https:\/\/colegioblaisepascal.cl\/index.php\/wp-json\/wp\/v2\/pages"}],"about":[{"href":"https:\/\/colegioblaisepascal.cl\/index.php\/wp-json\/wp\/v2\/types\/page"}],"author":[{"embeddable":true,"href":"https:\/\/colegioblaisepascal.cl\/index.php\/wp-json\/wp\/v2\/users\/2"}],"replies":[{"embeddable":true,"href":"https:\/\/colegioblaisepascal.cl\/index.php\/wp-json\/wp\/v2\/comments?post=725"}],"version-history":[{"count":7,"href":"https:\/\/colegioblaisepascal.cl\/index.php\/wp-json\/wp\/v2\/pages\/725\/revisions"}],"predecessor-version":[{"id":732,"href":"https:\/\/colegioblaisepascal.cl\/index.php\/wp-json\/wp\/v2\/pages\/725\/revisions\/732"}],"wp:attachment":[{"href":"https:\/\/colegioblaisepascal.cl\/index.php\/wp-json\/wp\/v2\/media?parent=725"}],"curies":[{"name":"wp","href":"https:\/\/api.w.org\/{rel}","templated":true}]}}