{"id":620,"date":"2024-12-31T15:20:04","date_gmt":"2024-12-31T15:20:04","guid":{"rendered":"https:\/\/colegioblaisepascal.cl\/?page_id=620"},"modified":"2024-12-31T15:35:18","modified_gmt":"2024-12-31T15:35:18","slug":"protocolo-de-accion-en-caso-de-accidentes","status":"publish","type":"page","link":"https:\/\/colegioblaisepascal.cl\/index.php\/protocolo-de-accion-en-caso-de-accidentes\/","title":{"rendered":"Protocolo de acci\u00f3n en caso de accidentes"},"content":{"rendered":"\t\t<div data-elementor-type=\"wp-page\" data-elementor-id=\"620\" class=\"elementor elementor-620\">\n\t\t\t\t<div class=\"elementor-element elementor-element-a12c2fb e-flex e-con-boxed e-con e-parent\" data-id=\"a12c2fb\" data-element_type=\"container\">\n\t\t\t\t\t<div class=\"e-con-inner\">\n\t\t\t\t<div class=\"elementor-element elementor-element-0d33db5 elementor-widget elementor-widget-heading\" data-id=\"0d33db5\" data-element_type=\"widget\" data-widget_type=\"heading.default\">\n\t\t\t\t<div class=\"elementor-widget-container\">\n\t\t\t\t\t<h2 class=\"elementor-heading-title elementor-size-default\">PROTOCOLO DE ACCI\u00d3N EN CASO DE ACCIDENTES,\nENFERMEDAD Y ADMINISTRACI\u00d3N DE MEDICAMENTOS\nALUMNOS DEL COLEGIO BLAISE PASCAL<\/h2>\t\t\t\t<\/div>\n\t\t\t\t<\/div>\n\t\t\t\t\t<\/div>\n\t\t\t\t<\/div>\n\t\t<div class=\"elementor-element elementor-element-203384f e-flex e-con-boxed e-con e-parent\" data-id=\"203384f\" data-element_type=\"container\">\n\t\t\t\t\t<div class=\"e-con-inner\">\n\t\t\t\t<div class=\"elementor-element elementor-element-33516e0 elementor-widget elementor-widget-text-editor\" data-id=\"33516e0\" data-element_type=\"widget\" data-widget_type=\"text-editor.default\">\n\t\t\t\t<div class=\"elementor-widget-container\">\n\t\t\t\t\t\t\t\t\t<p>\u00a0<\/p><p><strong>Antecedentes.<\/strong><br \/>La Ley 16.744 Art.3\u00b0, dispone que estar\u00e1n protegidos todos los alumnos de establecimientos educacionales por los accidentes que sufran con ocasi\u00f3n de sus estudios.<br \/>Un accidente escolar es toda lesi\u00f3n que un estudiante pueda sufrir a causa o en el desarrollo de actividades escolares que, por su gravedad, traigan como consecuencia incapacidad o da\u00f1o. Dentro de esta categor\u00eda se considera tambi\u00e9n los accidentes que puedan sufrir los estudiantes en el trayecto desde y hasta sus establecimientos educacionales.<br \/>En caso de accidente escolar todos los\/as estudiantes, tanto de la educaci\u00f3n parvulario, b\u00e1sica, est\u00e1n afectos al Seguro Escolar desde el instante en que se matriculen en el colegio y por este motivo el Colegio Blaise Pascal cuenta con un protocolo de acci\u00f3n frente a una situaci\u00f3n se\u00f1alada anteriormente.<br \/>En caso de accidente o de enfermedad repentina de un alumno(a) durante la actividad escolar, se proceder\u00e1 de la siguiente manera:<\/p><p><br \/><strong>I.- EN CASO DE ACCIDENTE<\/strong><br \/>Existen tres tipos de accidentes que pueden tener los alumnos durante la jornada escolar, todos los cuales son evaluados por el inspector.<\/p><p><br \/><strong>II. 1.- ACCIDENTE LEVE SIN AVISO AL APODERADO:<\/strong><br \/>Es el accidente que requiere atenci\u00f3n del inspector (o personal capacitado en primeros auxilios), pero que obviamente es de car\u00e1cter leve, pues no existe herida o golpe que comprometa el buen estado general del alumno. Normalmente se supera con unos minutos de descanso, o con un peque\u00f1o masaje.<\/p><p><strong>II. 2.- ACCIDENTE LEVE CON AVISO AL APODERADO<\/strong><br \/>Es el accidente que requiere atenci\u00f3n del inspector (o personal capacitado en primeros auxilios) y que, a pesar de ser menor, pues no existe herida o golpe que comprometa el buen estado general del alumno, se considera adecuado que el reposo o recuperaci\u00f3n lo haga en casa y al cuidado de su apoderado o un familiar responsable. El Inspector o docente llama al apoderado para que retire al alumno (a) (el alumno (a) esperar\u00e1 en la inspector\u00eda) o en caso que ocurra durante el per\u00edodo de la hora de salida se avisa al apoderado o la persona que retira al alumno la situaci\u00f3n para que sea observada su evoluci\u00f3n en el hogar.<\/p><p><br \/><strong>II. 3.- ACCIDENTE GRAVE CON LLAMADO AL APODERADO Y\/O<\/strong><br \/><strong>AMBULANCIA<\/strong><br \/>&#8211; Es el accidente que requiere atenci\u00f3n inmediata de un centro asistencial.<br \/>&#8211; Las personas (profesores o alumnos) que se encuentran cerca del accidentado al momento del accidente deben llamar de inmediato al inspector, quien tomar\u00e1 las medidas para su primera atenci\u00f3n.<br \/>&#8211; En caso de golpes o heridas en la cabeza, espalda u otras consideradas graves, el accidentado no debe ser movido del lugar. Deber\u00e1 ser recogido directamente por un servicio de ambulancias, para evitar movimientos inadecuados. Durante la espera debe ser cubierto con una frazada y no debe utilizarse almohada.<br \/>&#8211; Si el golpe o herida lo permite, el accidentado ser\u00e1 trasladado en camilla a un lugar aislado para su observaci\u00f3n.<br \/>&#8211; El Inspector se informar\u00e1 de los datos esenciales del accidente (hora, lugar, causa, s\u00edntomas), aplicar\u00e1 atenci\u00f3n primaria y llamar\u00e1 a su apoderado para informarle la situaci\u00f3n. El inspector, v\u00eda telef\u00f3nica, consultar\u00e1 al apoderado respecto a la forma de traslado del accidentado. El apoderado deber\u00e1 indicar si retirar\u00e1 personalmente al alumno o si el colegio debe llamar a un servicio de ambulancia para que lo traslade al centro m\u00e9dico indicado por el apoderado. En caso que el Apoderado decida utilizar el servicio de ambulancia, ello lo obligar\u00e1 a hacerse cargo del costo total del servicio, raz\u00f3n por la cual el colegio le dar\u00e1 a conocer precios referenciales. La respuesta del apoderado ser\u00e1 grabada por el colegio y\/o respaldada por un correo electr\u00f3nico que deber\u00e1 enviar el Apoderado a la brevedad. El colegio proceder\u00e1 seg\u00fan la decisi\u00f3n del apoderado.<br \/>&#8211; Cuando el accidente es grave, el centro m\u00e9dico estatal o privado correspondiente al seguro, env\u00eda ambulancias sin costo para el usuario, no obstante, el apoderado debe tener presente que los tiempos de demora son de exclusiva responsabilidad de esos servicios.<br \/>&#8211; En caso de extrema gravedad y cuando no se pueda ubicar r\u00e1pidamente al apoderado, el Colegio tiene la autoridad para llamar a un servicio de ambulancia privado para trasladar al accidentado. Este servicio tambi\u00e9n ser\u00e1 cancelado por el propio apoderado.<\/p><p><br \/><strong>III.- PROCEDIMIENTOS ESPEC\u00cdFICOS<\/strong><br \/>\u00bfCu\u00e1l es el servicio de ambulancia apropiado para cada accidentado? En primera instancia, el servicio de ambulancia que el apoderado indique. En segunda instancia, el que determine el seguro de atenci\u00f3n m\u00e9dica al cual se acoge el alumno. Para saberlo, la inspectora debe revisar la Ficha del Alumno la cual se encuentra en direcci\u00f3n. \u00bfQu\u00e9 documento debe presentar el Colegio al Apoderado o al Servicio de Ambulancia que retira a un accidentado?<br \/>El Inspector, en caso de accidente grave, completar\u00e1 el Formulario de Accidente Escolar, el cual ser\u00e1 entregado al apoderado o al servicio de atenci\u00f3n que corresponda.<br \/>Se entregar\u00e1 en quintuplicado al servicio estatal y en original a los otros servicios o personas. El colegio siempre guardar\u00e1 una copia. \u00bfQu\u00e9 atenci\u00f3n debe brindarles el colegio a los alumnos enfermos o accidentados? Los alumnos enfermos o accidentados deben ser derivados a la inspector\u00eda, quien los evaluar\u00e1 y derivar\u00e1 a su hogar o centro asistencial. Durante la evaluaci\u00f3n\u00a0<span style=\"font-size: 14px; color: var( --e-global-color-text ); text-align: var(--text-align);\">podr\u00e1n permanecer en la inspector\u00eda del colegio. Como todos los colegios, no se\u00a0<\/span><span style=\"font-size: 14px; color: var( --e-global-color-text ); text-align: var(--text-align);\">administrar\u00e1 medicamento alguno a los alumnos. En caso de quebraduras,\u00a0<\/span><span style=\"font-size: 14px; color: var( --e-global-color-text ); text-align: var(--text-align);\">esguinces, torceduras u otros, podr\u00e1 aplicarse fr\u00edo local o apoyos ortop\u00e9dicos.\u00a0<\/span><span style=\"font-size: 14px; color: var( --e-global-color-text ); text-align: var(--text-align);\">Cuando se requiera, se utilizar\u00e1 camilla y frazada.\u00a0<\/span><span style=\"font-size: 14px; color: var( --e-global-color-text ); text-align: var(--text-align);\">En caso de heridas superficiales y peque\u00f1as, se aplicar\u00e1 parches de curita. En\u00a0<\/span><span style=\"font-size: 14px; color: var( --e-global-color-text ); text-align: var(--text-align);\">caso de otras heridas, se intervendr\u00e1 lo menos posible para que las curaciones\u00a0<\/span><span style=\"font-size: 14px; color: var( --e-global-color-text ); text-align: var(--text-align);\">las realice el especialista del centro asistencial. Si es necesario, se limpiar\u00e1 con\u00a0<\/span><span style=\"font-size: 14px; color: var( --e-global-color-text ); text-align: var(--text-align);\">agua y se cubrir\u00e1 o comprimir\u00e1 la herida con gasa durante el traslado.<\/span><\/p><p><strong>\u00bfQu\u00e9 funciones deben cumplir los profesores en caso de un alumno accidentado?<\/strong><br \/>El o los profesores que atienden o se encuentran con el alumno en el momento del accidente deben llamar al inspector o a la direcci\u00f3n del colegio para que realice las primeras atenciones y decida las acciones a realizar. Ella es la que se contacta con el apoderado o la ambulancia.<br \/><strong><br \/><\/strong><\/p><p><strong>IV.- EN CASO DE ACCIDENTES EN ACTIVIDADES ESCOLARES FUERA<\/strong><br \/><strong>DEL COLEGIO<\/strong><br \/>&#8211; Para las salidas de alumnos del Colegio con fines educativos, los docentes deben presentar en su plan anual de trabajo \u201ccambio de actividad por razones fundadas en el refuerzo de los objetivos curriculares\u201d, registrando la asistencia de los estudiantes.<br \/>&#8211; La actividad que considera desplazamiento de estudiante y profesor, asistencia e instructivo de seguridad para los participantes.<br \/>&#8211; Todas estas actividades deben contar con la autorizaci\u00f3n por escrito de la Direcci\u00f3n del establecimiento, quien lo tramitar\u00e1 ante el respectivo Departamento Provincial de Educaci\u00f3n con todos los anexos necesarios.<br \/>&#8211; En el caso de enfermedades o accidentes que sobrevengan en actividades fuera del Colegio, el Profesor o Encargado de la delegaci\u00f3n tomar\u00e1 contacto inmediato con la Direcci\u00f3n del Colegio para comunicarle la situaci\u00f3n, solicit\u00e1ndole informaci\u00f3n sobre si el alumno(a) cuenta con seguro escolar.<br \/>&#8211; Si el alumno(a) cuenta con seguro escolar, en la medida de lo posible se intentar\u00e1 comunicar el hecho al apoderado para que \u00e9ste indique el Centro Asistencial al que conducir al alumno(a). Si esto no es posible, \u00e9ste(a) debe ser llevado(a) por el Profesor(a) o Encargado de la delegaci\u00f3n al Centro Asistencial m\u00e1s cercano.<br \/>&#8211; Para el caso de aquellos(as) alumnos(as) que no tengan el seguro escolar contratado, si la situaci\u00f3n del Alumno(a) permite esperar, se requerir\u00e1 la presencia del apoderado en el lugar a fin que indique el Centro Asistencial al que hay que trasladar al Alumno. En caso que la situaci\u00f3n del Alumno no permita esperar, deber\u00e1 ser llevado por el Profesor o Encargado de la delegaci\u00f3n al Centro Asistencial m\u00e1s cercano dependiente del Ministerio de Salud, para que opere el Seguro Escolar del Estado, comunic\u00e1ndole de este hecho al apoderado.<br \/>&#8211; Las actividades programadas fuera del a\u00f1o lectivo, por parte de apoderados o alumnos(as), no obedecen a las actividades descritas antes y la direcci\u00f3n del Colegio no es responsable de su organizaci\u00f3n ni de los accidentes que de ellas pudiesen derivarse.<\/p><p><br \/><strong>V.- EN CASO DE ENFERMEDAD<\/strong><br \/>&#8211; Todo alumno que durante la jornada escolar muestre s\u00edntomas de enfermedad (dolores o malestar), ser\u00e1 evaluado por la Inspectora.<br \/>&#8211; Si el malestar o dolor requiere de medicamento, reposo o atenci\u00f3n de un especialista, el inspector llamar\u00e1 a su apoderado para que retire al alumno.\u00a0<\/p><p>&#8211; El alumno (a) esperar\u00e1 en inspector\u00eda.<\/p><p><br \/><strong>VI.- ADMINISTRACI\u00d3N DE MEDICAMENTOS EN EL COLEGIO<\/strong><br \/><br \/>Objetivo: Apoyar las funciones parentales para administrar de forma correcta un medicamento recetado a un estudiante de nuestro Colegio, durante la jornada escolar, bajo la solicitud de su apoderado seg\u00fan prescripci\u00f3n m\u00e9dica.<br \/>Normas por considerar para la administraci\u00f3n de un medicamento en la jornada escolar<br \/>1.- De no poder administrar el apoderado el medicamento al ni\u00f1o\/a, \u00e9ste debe acudir al establecimiento para exponer la situaci\u00f3n y justificar la entrega de las dosis necesarias para la administraci\u00f3n.<br \/>1.a. Se evaluar\u00e1 discrecionalmente el caso seg\u00fan los antecedentes m\u00e9dicos.<br \/>2.- Se permitir\u00e1 la administraci\u00f3n de ciertos medicamentos en el Colegio, siempre que ning\u00fan familiar del menor pueda asistir a entregar la dosis recetada.<br \/>3.- El apoderado deber\u00e1 firmar una solicitud\/autorizaci\u00f3n para que un funcionario del establecimiento se responsabilice de la administraci\u00f3n del medicamento.<br \/>4.- Para la debida administraci\u00f3n el apoderado debe dirigirse al Colegio para entregar la siguiente documentaci\u00f3n:<br \/>4.a. &#8211; Fotocopia de diagn\u00f3stico y receta m\u00e9dica actualizada; documentos que deben tener el nombre del estudiante, fecha de emisi\u00f3n, frecuencia de administraci\u00f3n, dosis y hora en que debe ser administrado el medicamento.<br \/>Estos documentos deben tener el nombre y firma del profesional tratante.<br \/>4.b.- Informar la duraci\u00f3n del tratamiento, considerando estado y fecha de caducidad del medicamento.<br \/>5.- Enviar los medicamentos en el envase original, o pastillero marcado, con datos del alumno, con la finalidad de respaldar el adecuado tratamiento. Es necesario hacer entrega semanal de \u00e9ste en Inspector\u00eda.<br \/>Nota: De no cumplir con los requisitos mencionados anteriormente, el establecimiento no puede responsabilizarse por la administraci\u00f3n de<br \/>medicamentos.<\/p><p><br \/>Sr. Apoderado:<\/p><p>De acuerdo con el diagn\u00f3stico emanado por el m\u00e9dico tratante de su hijo\/a, usted ha solicitado que entreguemos un f\u00e1rmaco, que debe ser<br \/>administrado en horario escolar. Por tal motivo es necesario que usted asista al Establecimiento con copia del diagn\u00f3stico y receta m\u00e9dica actualizada, con la finalidad de respaldar la dosis que debe recibir su hijo\/a, y formalizar su solicitud, bajo firma, para que un funcionario de nuestro Colegio suministre el medicamento en la dosis y hora indicada, como una manera de colaborar, en la tarea familiar, a la mejor\u00eda de la salud de su hijo\/a.<\/p><p><br \/>Saluda atentamente a usted.<br \/>Inspector\u00eda<\/p>\t\t\t\t\t\t\t\t<\/div>\n\t\t\t\t<\/div>\n\t\t\t\t\t<\/div>\n\t\t\t\t<\/div>\n\t\t<div class=\"elementor-element elementor-element-a480e7d e-flex e-con-boxed e-con e-parent\" data-id=\"a480e7d\" data-element_type=\"container\">\n\t\t\t\t\t<div class=\"e-con-inner\">\n\t\t\t\t<div class=\"elementor-element elementor-element-8d03e54 elementor-widget elementor-widget-image\" data-id=\"8d03e54\" data-element_type=\"widget\" data-widget_type=\"image.default\">\n\t\t\t\t<div class=\"elementor-widget-container\">\n\t\t\t\t\t\t\t\t\t\t\t\t\t\t\t<img fetchpriority=\"high\" decoding=\"async\" width=\"675\" height=\"582\" src=\"https:\/\/colegioblaisepascal.cl\/wp-content\/uploads\/2024\/12\/Captura-de-pantalla-2024-12-31-123445.png\" class=\"attachment-large size-large wp-image-626\" alt=\"\" srcset=\"https:\/\/colegioblaisepascal.cl\/wp-content\/uploads\/2024\/12\/Captura-de-pantalla-2024-12-31-123445.png 675w, https:\/\/colegioblaisepascal.cl\/wp-content\/uploads\/2024\/12\/Captura-de-pantalla-2024-12-31-123445-300x259.png 300w\" sizes=\"(max-width: 675px) 100vw, 675px\" \/>\t\t\t\t\t\t\t\t\t\t\t\t\t\t\t<\/div>\n\t\t\t\t<\/div>\n\t\t\t\t\t<\/div>\n\t\t\t\t<\/div>\n\t\t\t\t<\/div>\n\t\t","protected":false},"excerpt":{"rendered":"<p>PROTOCOLO DE ACCI\u00d3N EN CASO DE ACCIDENTES, ENFERMEDAD Y ADMINISTRACI\u00d3N DE MEDICAMENTOS ALUMNOS DEL COLEGIO BLAISE PASCAL \u00a0 Antecedentes.La Ley 16.744 Art.3\u00b0, dispone que estar\u00e1n protegidos todos los alumnos de establecimientos educacionales por los accidentes que sufran con ocasi\u00f3n de sus estudios.Un accidente escolar es toda lesi\u00f3n que un estudiante pueda sufrir a causa o [&hellip;]<\/p>\n","protected":false},"author":2,"featured_media":0,"parent":0,"menu_order":0,"comment_status":"closed","ping_status":"closed","template":"","meta":{"footnotes":""},"class_list":["post-620","page","type-page","status-publish","hentry","entry"],"_links":{"self":[{"href":"https:\/\/colegioblaisepascal.cl\/index.php\/wp-json\/wp\/v2\/pages\/620","targetHints":{"allow":["GET"]}}],"collection":[{"href":"https:\/\/colegioblaisepascal.cl\/index.php\/wp-json\/wp\/v2\/pages"}],"about":[{"href":"https:\/\/colegioblaisepascal.cl\/index.php\/wp-json\/wp\/v2\/types\/page"}],"author":[{"embeddable":true,"href":"https:\/\/colegioblaisepascal.cl\/index.php\/wp-json\/wp\/v2\/users\/2"}],"replies":[{"embeddable":true,"href":"https:\/\/colegioblaisepascal.cl\/index.php\/wp-json\/wp\/v2\/comments?post=620"}],"version-history":[{"count":7,"href":"https:\/\/colegioblaisepascal.cl\/index.php\/wp-json\/wp\/v2\/pages\/620\/revisions"}],"predecessor-version":[{"id":629,"href":"https:\/\/colegioblaisepascal.cl\/index.php\/wp-json\/wp\/v2\/pages\/620\/revisions\/629"}],"wp:attachment":[{"href":"https:\/\/colegioblaisepascal.cl\/index.php\/wp-json\/wp\/v2\/media?parent=620"}],"curies":[{"name":"wp","href":"https:\/\/api.w.org\/{rel}","templated":true}]}}