{"id":584,"date":"2024-12-31T14:46:18","date_gmt":"2024-12-31T14:46:18","guid":{"rendered":"https:\/\/colegioblaisepascal.cl\/?page_id=584"},"modified":"2024-12-31T14:59:55","modified_gmt":"2024-12-31T14:59:55","slug":"protocolo-ley-aula-segura","status":"publish","type":"page","link":"https:\/\/colegioblaisepascal.cl\/index.php\/protocolo-ley-aula-segura\/","title":{"rendered":"Protocolo Ley Aula Segura"},"content":{"rendered":"\t\t<div data-elementor-type=\"wp-page\" data-elementor-id=\"584\" class=\"elementor elementor-584\">\n\t\t\t\t<div class=\"elementor-element elementor-element-75c0f70 e-flex e-con-boxed e-con e-parent\" data-id=\"75c0f70\" data-element_type=\"container\">\n\t\t\t\t\t<div class=\"e-con-inner\">\n\t\t\t\t<div class=\"elementor-element elementor-element-9617294 elementor-widget elementor-widget-heading\" data-id=\"9617294\" data-element_type=\"widget\" data-widget_type=\"heading.default\">\n\t\t\t\t<div class=\"elementor-widget-container\">\n\t\t\t\t\t<h2 class=\"elementor-heading-title elementor-size-default\">PROTOCOLO DE ACTUACI\u00d3N ANTE SITUACIONES CONTEMPLADAS EN\nLA LEY AULA SEGURA LEY N\u00b0 21.128\n<\/h2>\t\t\t\t<\/div>\n\t\t\t\t<\/div>\n\t\t\t\t\t<\/div>\n\t\t\t\t<\/div>\n\t\t<div class=\"elementor-element elementor-element-1f909e2 e-flex e-con-boxed e-con e-parent\" data-id=\"1f909e2\" data-element_type=\"container\">\n\t\t\t\t\t<div class=\"e-con-inner\">\n\t\t\t\t<div class=\"elementor-element elementor-element-380aa5b elementor-widget elementor-widget-text-editor\" data-id=\"380aa5b\" data-element_type=\"widget\" data-widget_type=\"text-editor.default\">\n\t\t\t\t<div class=\"elementor-widget-container\">\n\t\t\t\t\t\t\t\t\t<p>La ley N\u00b0 21.128, conocida como \u201cAula Segura\u201d tiene por objeto fortalecer las facultades de los directores en aquellos casos en que se requiera sancionar una falta grave o extremadamente grave con la expulsi\u00f3n o la cancelaci\u00f3n de la matr\u00edcula.<br \/>Las medidas de expulsi\u00f3n y cancelaci\u00f3n de matr\u00edcula s\u00f3lo podr\u00e1n aplicarse cuando: Sus causales est\u00e9n claramente descritas en nuestro Reglamento Interno o Afecten gravemente la Convivencia Escolar. Siempre se entender\u00e1 que afectan gravemente la convivencia escolar los actos cometidos por cualquier miembro de la comunidad educativa, tales como profesores, padres y apoderados, alumnos, asistentes de la educaci\u00f3n, entre otros, de un establecimiento educacional, que causen da\u00f1o a la integridad f\u00edsica o ps\u00edquica de cualquiera de los miembros de la comunidad educativa o de terceros que se encuentren en las dependencias de los establecimientos, tales como:<\/p><ul><li>Agresiones de car\u00e1cter sexual.<\/li><li>Agresiones f\u00edsicas que produzcan lesiones.<\/li><li>Uso, porte, posesi\u00f3n y tenencia de armas o artefactos incendiarios.<\/li><li>Actos que atenten contra la infraestructura esencial para la prestaci\u00f3n del servicio educativo por parte del establecimiento.<\/li><\/ul><p>Marco Legal:<br \/>C\u00f3digo Penal Art. 361 al 366<br \/>Ley 17.798, Decreto 400 Control y tenencia de Armas<br \/>Ley 20.536, Violencia Escolar<\/p><p><strong>En caso de ser Estudiante:<\/strong><\/p>\t\t\t\t\t\t\t\t<\/div>\n\t\t\t\t<\/div>\n\t\t\t\t\t<\/div>\n\t\t\t\t<\/div>\n\t\t<div class=\"elementor-element elementor-element-90d4eec e-flex e-con-boxed e-con e-parent\" data-id=\"90d4eec\" data-element_type=\"container\">\n\t\t\t\t\t<div class=\"e-con-inner\">\n\t\t\t\t<div class=\"elementor-element elementor-element-44a037e elementor-widget elementor-widget-image\" data-id=\"44a037e\" data-element_type=\"widget\" data-widget_type=\"image.default\">\n\t\t\t\t<div class=\"elementor-widget-container\">\n\t\t\t\t\t\t\t\t\t\t\t\t\t\t\t<img fetchpriority=\"high\" decoding=\"async\" width=\"661\" height=\"3597\" src=\"https:\/\/colegioblaisepascal.cl\/wp-content\/uploads\/2024\/12\/aula-segura.png\" class=\"attachment-full size-full wp-image-590\" alt=\"\" srcset=\"https:\/\/colegioblaisepascal.cl\/wp-content\/uploads\/2024\/12\/aula-segura.png 661w, https:\/\/colegioblaisepascal.cl\/wp-content\/uploads\/2024\/12\/aula-segura-55x300.png 55w, https:\/\/colegioblaisepascal.cl\/wp-content\/uploads\/2024\/12\/aula-segura-188x1024.png 188w, https:\/\/colegioblaisepascal.cl\/wp-content\/uploads\/2024\/12\/aula-segura-282x1536.png 282w\" sizes=\"(max-width: 661px) 100vw, 661px\" \/>\t\t\t\t\t\t\t\t\t\t\t\t\t\t\t<\/div>\n\t\t\t\t<\/div>\n\t\t\t\t\t<\/div>\n\t\t\t\t<\/div>\n\t\t\t\t<\/div>\n\t\t","protected":false},"excerpt":{"rendered":"<p>PROTOCOLO DE ACTUACI\u00d3N ANTE SITUACIONES CONTEMPLADAS EN LA LEY AULA SEGURA LEY N\u00b0 21.128 La ley N\u00b0 21.128, conocida como \u201cAula Segura\u201d tiene por objeto fortalecer las facultades de los directores en aquellos casos en que se requiera sancionar una falta grave o extremadamente grave con la expulsi\u00f3n o la cancelaci\u00f3n de la matr\u00edcula.Las medidas [&hellip;]<\/p>\n","protected":false},"author":2,"featured_media":0,"parent":0,"menu_order":0,"comment_status":"closed","ping_status":"closed","template":"","meta":{"footnotes":""},"class_list":["post-584","page","type-page","status-publish","hentry","entry"],"_links":{"self":[{"href":"https:\/\/colegioblaisepascal.cl\/index.php\/wp-json\/wp\/v2\/pages\/584","targetHints":{"allow":["GET"]}}],"collection":[{"href":"https:\/\/colegioblaisepascal.cl\/index.php\/wp-json\/wp\/v2\/pages"}],"about":[{"href":"https:\/\/colegioblaisepascal.cl\/index.php\/wp-json\/wp\/v2\/types\/page"}],"author":[{"embeddable":true,"href":"https:\/\/colegioblaisepascal.cl\/index.php\/wp-json\/wp\/v2\/users\/2"}],"replies":[{"embeddable":true,"href":"https:\/\/colegioblaisepascal.cl\/index.php\/wp-json\/wp\/v2\/comments?post=584"}],"version-history":[{"count":10,"href":"https:\/\/colegioblaisepascal.cl\/index.php\/wp-json\/wp\/v2\/pages\/584\/revisions"}],"predecessor-version":[{"id":596,"href":"https:\/\/colegioblaisepascal.cl\/index.php\/wp-json\/wp\/v2\/pages\/584\/revisions\/596"}],"wp:attachment":[{"href":"https:\/\/colegioblaisepascal.cl\/index.php\/wp-json\/wp\/v2\/media?parent=584"}],"curies":[{"name":"wp","href":"https:\/\/api.w.org\/{rel}","templated":true}]}}